{"id":28849,"date":"2024-03-08T10:07:44","date_gmt":"2024-03-08T13:07:44","guid":{"rendered":"http:\/\/clubuniversitario.org.ar\/nueva\/?page_id=28849"},"modified":"2024-05-20T12:04:56","modified_gmt":"2024-05-20T15:04:56","slug":"gonnet","status":"publish","type":"page","link":"https:\/\/clubuniversitario.org.ar\/nueva\/el-club\/sedes\/gonnet\/","title":{"rendered":"Gonnet"},"content":{"rendered":"<div class=\"wpb-content-wrapper\"><p>[vc_row full_width=&#8221;stretch_row_content_no_spaces&#8221; equal_height=&#8221;yes&#8221; content_placement=&#8221;top&#8221; css=&#8221;.vc_custom_1703614808651{margin-top: 0px !important;margin-bottom: 0px !important;padding-top: 0px !important;padding-bottom: 0px !important;}&#8221;][vc_column disable_custom_paddings_tablet=&#8221;true&#8221; disable_custom_paddings_mobile=&#8221;true&#8221; css=&#8221;.vc_custom_1559560776980{padding-top: 90px !important;padding-right: 70px !important;padding-bottom: 70px !important;padding-left: 70px !important;background-color: #000000 !important;}&#8221; offset=&#8221;vc_col-lg-6 vc_col-md-6&#8243;][vc_column_text]<\/p>\n<div class=\"title-h5\"><span style=\"color: #e6eded;\">El Club &#8211; Sedes<\/span><\/div>\n<p>[\/vc_column_text][vc_column_text]<\/p>\n<div class=\"title-h1\"><span style=\"color: #ffffff;\">Gonnet<\/span><\/div>\n<p>[\/vc_column_text][vc_column_text]<\/p>\n<div class=\"styled-subtitle\"><span style=\"color: #e6eded;\">Ubicada en Calle 14 Y 501, Gonnet, La Plata, Bs As.<\/span><\/div>\n<p>[\/vc_column_text]<div class=\"clearboth\"><\/div><style>#thegem-divider-69f3fbf9c6a42 {margin-top: 45px !important;}<\/style><div id=\"thegem-divider-69f3fbf9c6a42\" class=\"gem-divider  \" style=\"\" ><\/div>[vc_column_text css=&#8221;&#8221;]<span style=\"color: #e6eded;\">Este predio de 16 hect\u00e1reas rodeado de naturaleza alberga varias disciplinas deportivas y es sede de nivel inicial, primario y secundario del <span style=\"color: #99ccff;\"><a style=\"color: #99ccff;\" href=\"http:\/\/colegioclubuniversitario.edu.ar\">Colegio del CULP<\/a>. <\/span><\/span><\/p>\n<p><span style=\"color: #e6eded;\">Cuenta con tres piletas de verano (grande, mediana y chiquita), m\u00e1s la pileta techada que funciona todo el a\u00f1o, parrillas al aire libre, quinchos y estacionamiento privado.<\/span><\/p>\n<p><span style=\"color: #e6eded;\">A su vez, se encuentra el espacio m\u00e1s tradicional del club y epicentro de innumerables actividades sociales de la instituci\u00f3n: el reconocido \u201cchalet del club\u201d. Un poco de historia En el a\u00f1o 1959 la Provincia de Buenos Aires, ofreci\u00f3 a la instituci\u00f3n la tenencia precaria de 16 hect\u00e1reas en Gonnet dentro de las cuales se encontraba el chalet que en la \u00e9poca fuese sede del Swift Golf Club.<\/span><\/p>\n<p><span style=\"color: #e6eded;\">La Legislatura Provincial otorg\u00f3 la posesi\u00f3n de dichas tierras al Club Universitario, para la pr\u00e1ctica deportiva de una instituci\u00f3n que para ese entonces ya ten\u00eda 1600 asociados.<\/span>[\/vc_column_text][\/vc_column][vc_column css=&#8221;.vc_custom_1715087733203{margin-top: 0px !important;margin-bottom: 0px !important;padding-top: 330px !important;padding-bottom: 330px !important;background-image: url(http:\/\/clubuniversitario.org.ar\/nueva\/wp-content\/uploads\/VIDEO-2023-12-16-17-16-21.mp4.00_00_01_23.Imagen-fija002.png?id=29009) !important;background-position: center !important;background-repeat: no-repeat !important;background-size: cover !important;}&#8221; offset=&#8221;vc_col-lg-6 vc_col-md-6&#8243;][\/vc_column][\/vc_row][vc_row full_width=&#8221;stretch_row_content_no_spaces&#8221; equal_height=&#8221;yes&#8221; content_placement=&#8221;top&#8221; css=&#8221;.vc_custom_1703614808651{margin-top: 0px !important;margin-bottom: 0px !important;padding-top: 0px !important;padding-bottom: 0px !important;}&#8221;][vc_column css=&#8221;.vc_custom_1715088013347{margin-top: 0px !important;margin-bottom: 0px !important;padding-top: 330px !important;padding-bottom: 330px !important;background-image: url(http:\/\/clubuniversitario.org.ar\/nueva\/wp-content\/uploads\/clubuniversitario-sedes-gonnet.jpg?id=28800) !important;background-position: center !important;background-repeat: no-repeat !important;background-size: cover !important;}&#8221; offset=&#8221;vc_col-lg-6 vc_col-md-6&#8243;][\/vc_column][vc_column disable_custom_paddings_tablet=&#8221;true&#8221; disable_custom_paddings_mobile=&#8221;true&#8221; css=&#8221;.vc_custom_1559560776980{padding-top: 90px !important;padding-right: 70px !important;padding-bottom: 70px !important;padding-left: 70px !important;background-color: #000000 !important;}&#8221; offset=&#8221;vc_col-lg-6 vc_col-md-6&#8243;][vc_column_text css=&#8221;&#8221;]<span style=\"color: #e6eded;\">El predio fue inaugurado el 26 de febrero de 1960 asistiendo al acto autoridades nacionales, provinciales y obviamente una gran cantidad de socios.<\/span><\/p>\n<p><span style=\"color: #e6eded;\">Cabe destacar que en 1974 y por aprobaci\u00f3n un\u00e1nime de ambas c\u00e1maras legislativas de la Provincia, el club obtuvo la propiedad definitiva del Campo de Deportes que hoy lleva el nombre del recordado presidente que supo estar a cargo de la instituci\u00f3n: Dr. Tom\u00e1s S. Ide. En la actualidad es la sede en la que se desarrollan la mayor\u00eda de las actividades deportivas y recreativas durante todo el a\u00f1o.<\/span><\/p>\n<p><span style=\"color: #e6eded;\">En el 2022 se recuper\u00f3 uno de los deportes que supo ser punto de encuentro caracter\u00edstico de los a\u00f1os 90: el P\u00e1del. Ese a\u00f1o volvi\u00f3 a ser una propuesta para nuestros socios y socias con 5 canchas de \u00faltima generaci\u00f3n, de c\u00e9sped sint\u00e9tico y paredes de vidrio. Hace algunos a\u00f1os debajo del chalet contamos con el restaurante &#8220;Casa U&#8221;, una propuesta gastron\u00f3mica para todos los socios\/as y no socios\/as de la ciudad, siendo el ingreso exclusivo por calle 16. <\/span><\/p>\n<p><span style=\"color: #e6eded;\">Los deportes que se practican en la Sede son: Aikido, B\u00e1squet, Hockey, Nataci\u00f3n, Rugby, Taekwondo, Tenis, P\u00e1del, Kayakpolo, y Waterpolo. Actividades: Iniciaci\u00f3n deportiva, gimnasia para adultos, gimnasia aer\u00f3bica y localizada, entrenamiento para adultos, aqua gym y yoga.<\/span><\/p>\n<p><span style=\"color: #e6eded;\">Horario de Atenci\u00f3n al Socio: De lunes a viernes de 13.30 a 20hs, S\u00e1bados de 10 a 13hs. WhatsApp: 221 546-2656<\/span>[\/vc_column_text][\/vc_column][\/vc_row]<\/p>\n<\/div>","protected":false},"excerpt":{"rendered":"<p>[vc_row full_width=&#8221;stretch_row_content_no_spaces&#8221; equal_height=&#8221;yes&#8221; content_placement=&#8221;top&#8221; css=&#8221;.vc_custom_1703614808651{margin-top: 0px !important;margin-bottom: 0px !important;padding-top: 0px !important;padding-bottom: 0px !important;}&#8221;][vc_column disable_custom_paddings_tablet=&#8221;true&#8221; disable_custom_paddings_mobile=&#8221;true&#8221; css=&#8221;.vc_custom_1559560776980{padding-top: 90px !important;padding-right: 70px !important;padding-bottom:&#8230;<\/p>\n","protected":false},"author":1,"featured_media":0,"parent":28856,"menu_order":0,"comment_status":"closed","ping_status":"closed","template":"","meta":{"footnotes":""},"class_list":["post-28849","page","type-page","status-publish"],"yoast_head":"<!-- This site is optimized with the Yoast SEO plugin v27.2 - https:\/\/yoast.com\/product\/yoast-seo-wordpress\/ -->\n<title>Gonnet - Club Universitario de La Plata<\/title>\n<meta name=\"robots\" content=\"index, follow, max-snippet:-1, max-image-preview:large, max-video-preview:-1\" \/>\n<link rel=\"canonical\" href=\"https:\/\/clubuniversitario.org.ar\/nueva\/el-club\/sedes\/gonnet\/\" \/>\n<meta property=\"og:locale\" content=\"es_ES\" \/>\n<meta property=\"og:type\" content=\"article\" \/>\n<meta property=\"og:title\" content=\"Gonnet - Club Universitario de La Plata\" \/>\n<meta property=\"og:description\" content=\"[vc_row full_width=&#8221;stretch_row_content_no_spaces&#8221; equal_height=&#8221;yes&#8221; content_placement=&#8221;top&#8221; css=&#8221;.vc_custom_1703614808651{margin-top: 0px !important;margin-bottom: 0px !important;padding-top: 0px !important;padding-bottom: 0px !important;}&#8221;][vc_column disable_custom_paddings_tablet=&#8221;true&#8221; disable_custom_paddings_mobile=&#8221;true&#8221; css=&#8221;.vc_custom_1559560776980{padding-top: 90px !important;padding-right: 70px !important;padding-bottom:...\" \/>\n<meta property=\"og:url\" content=\"https:\/\/clubuniversitario.org.ar\/nueva\/el-club\/sedes\/gonnet\/\" \/>\n<meta property=\"og:site_name\" content=\"Club Universitario de La Plata\" \/>\n<meta property=\"article:publisher\" content=\"https:\/\/www.facebook.com\/Club-Universitario-de-La-Plata-176185835734694\/?hc_ref=ART4lDE5L4ECCo1yQz4yWSoD5fnWRMmP3rkoBkzTQEOFdNnyA3LFdlewstNUQYd0Yps\" \/>\n<meta property=\"article:modified_time\" content=\"2024-05-20T15:04:56+00:00\" \/>\n<meta name=\"twitter:card\" content=\"summary_large_image\" \/>\n<meta name=\"twitter:site\" content=\"@CULP_oficial\" \/>\n<meta name=\"twitter:label1\" content=\"Tiempo de lectura\" \/>\n\t<meta name=\"twitter:data1\" content=\"3 minutos\" \/>\n<script type=\"application\/ld+json\" class=\"yoast-schema-graph\">{\"@context\":\"https:\/\/schema.org\",\"@graph\":[{\"@type\":\"WebPage\",\"@id\":\"https:\/\/clubuniversitario.org.ar\/nueva\/el-club\/sedes\/gonnet\/\",\"url\":\"https:\/\/clubuniversitario.org.ar\/nueva\/el-club\/sedes\/gonnet\/\",\"name\":\"Gonnet - Club Universitario de La Plata\",\"isPartOf\":{\"@id\":\"https:\/\/clubuniversitario.org.ar\/nueva\/#website\"},\"datePublished\":\"2024-03-08T13:07:44+00:00\",\"dateModified\":\"2024-05-20T15:04:56+00:00\",\"breadcrumb\":{\"@id\":\"https:\/\/clubuniversitario.org.ar\/nueva\/el-club\/sedes\/gonnet\/#breadcrumb\"},\"inLanguage\":\"es-AR\",\"potentialAction\":[{\"@type\":\"ReadAction\",\"target\":[\"https:\/\/clubuniversitario.org.ar\/nueva\/el-club\/sedes\/gonnet\/\"]}]},{\"@type\":\"BreadcrumbList\",\"@id\":\"https:\/\/clubuniversitario.org.ar\/nueva\/el-club\/sedes\/gonnet\/#breadcrumb\",\"itemListElement\":[{\"@type\":\"ListItem\",\"position\":1,\"name\":\"Inicio\",\"item\":\"https:\/\/clubuniversitario.org.ar\/nueva\/\"},{\"@type\":\"ListItem\",\"position\":2,\"name\":\"El club\",\"item\":\"https:\/\/clubuniversitario.org.ar\/nueva\/el-club\/\"},{\"@type\":\"ListItem\",\"position\":3,\"name\":\"Sedes\",\"item\":\"https:\/\/clubuniversitario.org.ar\/nueva\/el-club\/sedes\/\"},{\"@type\":\"ListItem\",\"position\":4,\"name\":\"Gonnet\"}]},{\"@type\":\"WebSite\",\"@id\":\"https:\/\/clubuniversitario.org.ar\/nueva\/#website\",\"url\":\"https:\/\/clubuniversitario.org.ar\/nueva\/\",\"name\":\"Club Universitario de La Plata\",\"description\":\"\",\"publisher\":{\"@id\":\"https:\/\/clubuniversitario.org.ar\/nueva\/#organization\"},\"potentialAction\":[{\"@type\":\"SearchAction\",\"target\":{\"@type\":\"EntryPoint\",\"urlTemplate\":\"https:\/\/clubuniversitario.org.ar\/nueva\/?s={search_term_string}\"},\"query-input\":{\"@type\":\"PropertyValueSpecification\",\"valueRequired\":true,\"valueName\":\"search_term_string\"}}],\"inLanguage\":\"es-AR\"},{\"@type\":\"Organization\",\"@id\":\"https:\/\/clubuniversitario.org.ar\/nueva\/#organization\",\"name\":\"Club Universitario de La Plata\",\"url\":\"https:\/\/clubuniversitario.org.ar\/nueva\/\",\"logo\":{\"@type\":\"ImageObject\",\"inLanguage\":\"es-AR\",\"@id\":\"https:\/\/clubuniversitario.org.ar\/nueva\/#\/schema\/logo\/image\/\",\"url\":\"http:\/\/clubuniversitario.org.ar\/nueva\/wp-content\/uploads\/clubuniversitario-logo-01.png\",\"contentUrl\":\"http:\/\/clubuniversitario.org.ar\/nueva\/wp-content\/uploads\/clubuniversitario-logo-01.png\",\"width\":1698,\"height\":800,\"caption\":\"Club Universitario de La Plata\"},\"image\":{\"@id\":\"https:\/\/clubuniversitario.org.ar\/nueva\/#\/schema\/logo\/image\/\"},\"sameAs\":[\"https:\/\/www.facebook.com\/Club-Universitario-de-La-Plata-176185835734694\/?hc_ref=ART4lDE5L4ECCo1yQz4yWSoD5fnWRMmP3rkoBkzTQEOFdNnyA3LFdlewstNUQYd0Yps\",\"https:\/\/x.com\/CULP_oficial\",\"https:\/\/www.instagram.com\/culp_oficial\/\",\"https:\/\/www.youtube.com\/@clubuniversitariodelaplata3335\"]}]}<\/script>\n<!-- \/ Yoast SEO plugin. -->","yoast_head_json":{"title":"Gonnet - Club Universitario de La Plata","robots":{"index":"index","follow":"follow","max-snippet":"max-snippet:-1","max-image-preview":"max-image-preview:large","max-video-preview":"max-video-preview:-1"},"canonical":"https:\/\/clubuniversitario.org.ar\/nueva\/el-club\/sedes\/gonnet\/","og_locale":"es_ES","og_type":"article","og_title":"Gonnet - Club Universitario de La Plata","og_description":"[vc_row full_width=&#8221;stretch_row_content_no_spaces&#8221; equal_height=&#8221;yes&#8221; content_placement=&#8221;top&#8221; css=&#8221;.vc_custom_1703614808651{margin-top: 0px !important;margin-bottom: 0px !important;padding-top: 0px !important;padding-bottom: 0px !important;}&#8221;][vc_column disable_custom_paddings_tablet=&#8221;true&#8221; disable_custom_paddings_mobile=&#8221;true&#8221; css=&#8221;.vc_custom_1559560776980{padding-top: 90px !important;padding-right: 70px !important;padding-bottom:...","og_url":"https:\/\/clubuniversitario.org.ar\/nueva\/el-club\/sedes\/gonnet\/","og_site_name":"Club Universitario de La Plata","article_publisher":"https:\/\/www.facebook.com\/Club-Universitario-de-La-Plata-176185835734694\/?hc_ref=ART4lDE5L4ECCo1yQz4yWSoD5fnWRMmP3rkoBkzTQEOFdNnyA3LFdlewstNUQYd0Yps","article_modified_time":"2024-05-20T15:04:56+00:00","twitter_card":"summary_large_image","twitter_site":"@CULP_oficial","twitter_misc":{"Tiempo de lectura":"3 minutos"},"schema":{"@context":"https:\/\/schema.org","@graph":[{"@type":"WebPage","@id":"https:\/\/clubuniversitario.org.ar\/nueva\/el-club\/sedes\/gonnet\/","url":"https:\/\/clubuniversitario.org.ar\/nueva\/el-club\/sedes\/gonnet\/","name":"Gonnet - Club Universitario de La Plata","isPartOf":{"@id":"https:\/\/clubuniversitario.org.ar\/nueva\/#website"},"datePublished":"2024-03-08T13:07:44+00:00","dateModified":"2024-05-20T15:04:56+00:00","breadcrumb":{"@id":"https:\/\/clubuniversitario.org.ar\/nueva\/el-club\/sedes\/gonnet\/#breadcrumb"},"inLanguage":"es-AR","potentialAction":[{"@type":"ReadAction","target":["https:\/\/clubuniversitario.org.ar\/nueva\/el-club\/sedes\/gonnet\/"]}]},{"@type":"BreadcrumbList","@id":"https:\/\/clubuniversitario.org.ar\/nueva\/el-club\/sedes\/gonnet\/#breadcrumb","itemListElement":[{"@type":"ListItem","position":1,"name":"Inicio","item":"https:\/\/clubuniversitario.org.ar\/nueva\/"},{"@type":"ListItem","position":2,"name":"El club","item":"https:\/\/clubuniversitario.org.ar\/nueva\/el-club\/"},{"@type":"ListItem","position":3,"name":"Sedes","item":"https:\/\/clubuniversitario.org.ar\/nueva\/el-club\/sedes\/"},{"@type":"ListItem","position":4,"name":"Gonnet"}]},{"@type":"WebSite","@id":"https:\/\/clubuniversitario.org.ar\/nueva\/#website","url":"https:\/\/clubuniversitario.org.ar\/nueva\/","name":"Club Universitario de La Plata","description":"","publisher":{"@id":"https:\/\/clubuniversitario.org.ar\/nueva\/#organization"},"potentialAction":[{"@type":"SearchAction","target":{"@type":"EntryPoint","urlTemplate":"https:\/\/clubuniversitario.org.ar\/nueva\/?s={search_term_string}"},"query-input":{"@type":"PropertyValueSpecification","valueRequired":true,"valueName":"search_term_string"}}],"inLanguage":"es-AR"},{"@type":"Organization","@id":"https:\/\/clubuniversitario.org.ar\/nueva\/#organization","name":"Club Universitario de La Plata","url":"https:\/\/clubuniversitario.org.ar\/nueva\/","logo":{"@type":"ImageObject","inLanguage":"es-AR","@id":"https:\/\/clubuniversitario.org.ar\/nueva\/#\/schema\/logo\/image\/","url":"http:\/\/clubuniversitario.org.ar\/nueva\/wp-content\/uploads\/clubuniversitario-logo-01.png","contentUrl":"http:\/\/clubuniversitario.org.ar\/nueva\/wp-content\/uploads\/clubuniversitario-logo-01.png","width":1698,"height":800,"caption":"Club Universitario de La Plata"},"image":{"@id":"https:\/\/clubuniversitario.org.ar\/nueva\/#\/schema\/logo\/image\/"},"sameAs":["https:\/\/www.facebook.com\/Club-Universitario-de-La-Plata-176185835734694\/?hc_ref=ART4lDE5L4ECCo1yQz4yWSoD5fnWRMmP3rkoBkzTQEOFdNnyA3LFdlewstNUQYd0Yps","https:\/\/x.com\/CULP_oficial","https:\/\/www.instagram.com\/culp_oficial\/","https:\/\/www.youtube.com\/@clubuniversitariodelaplata3335"]}]}},"_links":{"self":[{"href":"https:\/\/clubuniversitario.org.ar\/nueva\/wp-json\/wp\/v2\/pages\/28849","targetHints":{"allow":["GET"]}}],"collection":[{"href":"https:\/\/clubuniversitario.org.ar\/nueva\/wp-json\/wp\/v2\/pages"}],"about":[{"href":"https:\/\/clubuniversitario.org.ar\/nueva\/wp-json\/wp\/v2\/types\/page"}],"author":[{"embeddable":true,"href":"https:\/\/clubuniversitario.org.ar\/nueva\/wp-json\/wp\/v2\/users\/1"}],"replies":[{"embeddable":true,"href":"https:\/\/clubuniversitario.org.ar\/nueva\/wp-json\/wp\/v2\/comments?post=28849"}],"version-history":[{"count":0,"href":"https:\/\/clubuniversitario.org.ar\/nueva\/wp-json\/wp\/v2\/pages\/28849\/revisions"}],"up":[{"embeddable":true,"href":"https:\/\/clubuniversitario.org.ar\/nueva\/wp-json\/wp\/v2\/pages\/28856"}],"wp:attachment":[{"href":"https:\/\/clubuniversitario.org.ar\/nueva\/wp-json\/wp\/v2\/media?parent=28849"}],"curies":[{"name":"wp","href":"https:\/\/api.w.org\/{rel}","templated":true}]}}