{"id":28866,"date":"2024-03-08T10:35:23","date_gmt":"2024-03-08T13:35:23","guid":{"rendered":"http:\/\/clubuniversitario.org.ar\/nueva\/?page_id=28866"},"modified":"2024-05-07T10:22:37","modified_gmt":"2024-05-07T13:22:37","slug":"nautica","status":"publish","type":"page","link":"https:\/\/clubuniversitario.org.ar\/nueva\/el-club\/sedes\/nautica\/","title":{"rendered":"N\u00e1utica"},"content":{"rendered":"<div class=\"wpb-content-wrapper\"><p>[vc_row full_width=&#8221;stretch_row_content_no_spaces&#8221; equal_height=&#8221;yes&#8221; content_placement=&#8221;top&#8221; css=&#8221;.vc_custom_1703614808651{margin-top: 0px !important;margin-bottom: 0px !important;padding-top: 0px !important;padding-bottom: 0px !important;}&#8221;][vc_column disable_custom_paddings_tablet=&#8221;true&#8221; disable_custom_paddings_mobile=&#8221;true&#8221; css=&#8221;.vc_custom_1559560776980{padding-top: 90px !important;padding-right: 70px !important;padding-bottom: 70px !important;padding-left: 70px !important;background-color: #000000 !important;}&#8221; offset=&#8221;vc_col-lg-6 vc_col-md-6&#8243;][vc_column_text]<\/p>\n<div class=\"title-h5\"><span style=\"color: #e6eded;\">El Club &#8211; Sedes<\/span><\/div>\n<p>[\/vc_column_text][vc_column_text]<\/p>\n<div class=\"title-h1\"><span style=\"color: #ffffff;\">N\u00e1utica<\/span><\/div>\n<p>[\/vc_column_text][vc_column_text]<\/p>\n<div class=\"styled-subtitle\"><span style=\"color: #e6eded;\">Ubicada en Av. Amirante Brown e\/ 84 Y 86, Ensenada, Buenos Aires<\/span><\/div>\n<p>[\/vc_column_text]<div class=\"clearboth\"><\/div><style>#thegem-divider-6a0902e41d61a {margin-top: 45px !important;}<\/style><div id=\"thegem-divider-6a0902e41d61a\" class=\"gem-divider  \" style=\"\" ><\/div>[vc_column_text]<span style=\"color: #e6eded;\">Este predio est\u00e1 compuesto por 3 piletas de agua salada, 4 salones de gran magnitud con vista al r\u00edo, el espig\u00f3n m\u00e1s grande de toda la costa con 500 mts. de extensi\u00f3n y estacionamiento privado.<\/span><\/p>\n<p><span style=\"color: #e6eded;\">Adem\u00e1s, durante el verano se desarrollan distintas actividades y deportes acu\u00e1ticos. La incorporaci\u00f3n de esta sede al Club Universitario, se da en un marco de crecimiento y prosperidad.<\/span><\/p>\n<p><span style=\"color: #e6eded;\">En el a\u00f1o 2023 el Club Universitario de La Plata firm\u00f3 un convenio de cooperaci\u00f3n mutua con la Fundaci\u00f3n Clorindo Testa, para llevar a cabo un masterplan que proyecte la puesta en valor patrimonial y natural de la Sede. Este trabajo adem\u00e1s, cuenta con el aporte t\u00e9cnico de los profesionales de Puerto La Plata que asesoran en todo lo referido al entorno natural ribere\u00f1o para su aprovechamiento y preservaci\u00f3n.<\/span><\/p>\n<p><span style=\"color: #e6eded;\"><strong>HISTORIA DE LA SEDE<\/strong><\/span><\/p>\n<p><span style=\"color: #e6eded;\">En 1989 se empez\u00f3 a barajar la posibilidad de sumar actividades n\u00e1uticas por lo cual el Club comenz\u00f3 a administrar el balneario en las instalaciones del ex Jockey Club, al cual se le hab\u00eda decretado la quiebra.<\/span><\/p>\n<p><span style=\"color: #e6eded;\">Durante el alquiler del predio el club realiz\u00f3 obras de puesta en valor que posibilitaron no s\u00f3lo mejorar el predio, sino que otorg\u00f3 la posibilidad a la Ciudad de La Plata de recuperar un hist\u00f3rico balneario.<\/span><\/p>\n<p><span style=\"color: #e6eded;\">Luego de analizar la situaci\u00f3n judicial en que se encontraba el predio del Jockey Club, se decidi\u00f3 realizar la adquisici\u00f3n a trav\u00e9s de la compra tal como lo estipula la Ley de Quiebras para la etapa de liquidaci\u00f3n.<\/span><\/p>\n<p><span style=\"color: #e6eded;\">Finalmente a partir del 22 de noviembre de 1992, el predio fue adquirido durante el acto de remate en el cual Universitario fue el \u00fanico oferente.<\/span><\/p>\n<p><span style=\"color: #e6eded;\">En el a\u00f1o 2014, en medio de una crisis econ\u00f3mica de la instituci\u00f3n y luego de haber resuelto el ingreso a concurso de acreedores, la CD de ese momento resolvi\u00f3 convocar a Asamblea Extraordinaria para que los socios decidan el S\u00ed o No a la venta de la sede de Punta Lara, tras recibir una oferta de 20.250.000 pesos. Sus argumentos eran la poca rentabilidad dado que generaba \u201cunos 600 mil pesos por a\u00f1o\u201d y la venta \u201cpermitir\u00eda equilibrar las cuentas del club ya que saldar\u00eda gran parte de lo que hoy se adeuda\u201d. <\/span><\/p>\n<p><span style=\"color: #e6eded;\">Al verse plasmada la idea de la venta muchos socios, destac\u00e1ndose una gran cantidad de j\u00f3venes, comenzaron a sumarse a aquel grupo de deportistas que sosten\u00edan que el concurso era la antesala a la p\u00e9rdida patrimonial.<\/span><\/p>\n<p><span style=\"color: #e6eded;\">Finalmente el 16 de agosto de 2014 en Asamblea Exraordinaria los socios se opusieron rotundamente a la venta del inmueble. \u201cLa asamblea cont\u00f3 con la participaci\u00f3n de 548 socios, de los cuales 513 rechazaron el proyecto impulsado por el presidente Alberto Darhanpe y s\u00f3lo 33 acompa\u00f1aron la iniciativa, mientras que 2 se abstuvieron de votar\u201d. De esa forma se evit\u00f3 la venta de esta sede que nos identifica y enorgullece.<\/span>[\/vc_column_text][\/vc_column][vc_column css=&#8221;.vc_custom_1715088153540{margin-top: 0px !important;margin-bottom: 0px !important;padding-top: 330px !important;padding-bottom: 330px !important;background-image: url(http:\/\/clubuniversitario.org.ar\/nueva\/wp-content\/uploads\/8.jpeg?id=29031) !important;background-position: center !important;background-repeat: no-repeat !important;background-size: cover !important;}&#8221; offset=&#8221;vc_col-lg-6 vc_col-md-6&#8243;][\/vc_column][\/vc_row]<\/p>\n<\/div>","protected":false},"excerpt":{"rendered":"<p>[vc_row full_width=&#8221;stretch_row_content_no_spaces&#8221; equal_height=&#8221;yes&#8221; content_placement=&#8221;top&#8221; css=&#8221;.vc_custom_1703614808651{margin-top: 0px !important;margin-bottom: 0px !important;padding-top: 0px !important;padding-bottom: 0px !important;}&#8221;][vc_column disable_custom_paddings_tablet=&#8221;true&#8221; disable_custom_paddings_mobile=&#8221;true&#8221; css=&#8221;.vc_custom_1559560776980{padding-top: 90px !important;padding-right: 70px !important;padding-bottom:&#8230;<\/p>\n","protected":false},"author":1,"featured_media":0,"parent":28856,"menu_order":0,"comment_status":"closed","ping_status":"closed","template":"","meta":{"footnotes":""},"class_list":["post-28866","page","type-page","status-publish"],"yoast_head":"<!-- This site is optimized with the Yoast SEO plugin v27.2 - https:\/\/yoast.com\/product\/yoast-seo-wordpress\/ -->\n<title>N\u00e1utica - Club Universitario de La Plata<\/title>\n<meta name=\"robots\" content=\"index, follow, max-snippet:-1, max-image-preview:large, max-video-preview:-1\" \/>\n<link rel=\"canonical\" href=\"https:\/\/clubuniversitario.org.ar\/nueva\/el-club\/sedes\/nautica\/\" \/>\n<meta property=\"og:locale\" content=\"es_ES\" \/>\n<meta property=\"og:type\" content=\"article\" \/>\n<meta property=\"og:title\" content=\"N\u00e1utica - Club Universitario de La Plata\" \/>\n<meta property=\"og:description\" content=\"[vc_row full_width=&#8221;stretch_row_content_no_spaces&#8221; equal_height=&#8221;yes&#8221; content_placement=&#8221;top&#8221; css=&#8221;.vc_custom_1703614808651{margin-top: 0px !important;margin-bottom: 0px !important;padding-top: 0px !important;padding-bottom: 0px !important;}&#8221;][vc_column disable_custom_paddings_tablet=&#8221;true&#8221; disable_custom_paddings_mobile=&#8221;true&#8221; css=&#8221;.vc_custom_1559560776980{padding-top: 90px !important;padding-right: 70px !important;padding-bottom:...\" \/>\n<meta property=\"og:url\" content=\"https:\/\/clubuniversitario.org.ar\/nueva\/el-club\/sedes\/nautica\/\" \/>\n<meta property=\"og:site_name\" content=\"Club Universitario de La Plata\" \/>\n<meta property=\"article:publisher\" content=\"https:\/\/www.facebook.com\/Club-Universitario-de-La-Plata-176185835734694\/?hc_ref=ART4lDE5L4ECCo1yQz4yWSoD5fnWRMmP3rkoBkzTQEOFdNnyA3LFdlewstNUQYd0Yps\" \/>\n<meta property=\"article:modified_time\" content=\"2024-05-07T13:22:37+00:00\" \/>\n<meta name=\"twitter:card\" content=\"summary_large_image\" \/>\n<meta name=\"twitter:site\" content=\"@CULP_oficial\" \/>\n<meta name=\"twitter:label1\" content=\"Tiempo de lectura\" \/>\n\t<meta name=\"twitter:data1\" content=\"3 minutos\" \/>\n<script type=\"application\/ld+json\" class=\"yoast-schema-graph\">{\"@context\":\"https:\/\/schema.org\",\"@graph\":[{\"@type\":\"WebPage\",\"@id\":\"https:\/\/clubuniversitario.org.ar\/nueva\/el-club\/sedes\/nautica\/\",\"url\":\"https:\/\/clubuniversitario.org.ar\/nueva\/el-club\/sedes\/nautica\/\",\"name\":\"N\u00e1utica - Club Universitario de La Plata\",\"isPartOf\":{\"@id\":\"https:\/\/clubuniversitario.org.ar\/nueva\/#website\"},\"datePublished\":\"2024-03-08T13:35:23+00:00\",\"dateModified\":\"2024-05-07T13:22:37+00:00\",\"breadcrumb\":{\"@id\":\"https:\/\/clubuniversitario.org.ar\/nueva\/el-club\/sedes\/nautica\/#breadcrumb\"},\"inLanguage\":\"es-AR\",\"potentialAction\":[{\"@type\":\"ReadAction\",\"target\":[\"https:\/\/clubuniversitario.org.ar\/nueva\/el-club\/sedes\/nautica\/\"]}]},{\"@type\":\"BreadcrumbList\",\"@id\":\"https:\/\/clubuniversitario.org.ar\/nueva\/el-club\/sedes\/nautica\/#breadcrumb\",\"itemListElement\":[{\"@type\":\"ListItem\",\"position\":1,\"name\":\"Inicio\",\"item\":\"https:\/\/clubuniversitario.org.ar\/nueva\/\"},{\"@type\":\"ListItem\",\"position\":2,\"name\":\"El club\",\"item\":\"https:\/\/clubuniversitario.org.ar\/nueva\/el-club\/\"},{\"@type\":\"ListItem\",\"position\":3,\"name\":\"Sedes\",\"item\":\"https:\/\/clubuniversitario.org.ar\/nueva\/el-club\/sedes\/\"},{\"@type\":\"ListItem\",\"position\":4,\"name\":\"N\u00e1utica\"}]},{\"@type\":\"WebSite\",\"@id\":\"https:\/\/clubuniversitario.org.ar\/nueva\/#website\",\"url\":\"https:\/\/clubuniversitario.org.ar\/nueva\/\",\"name\":\"Club Universitario de La Plata\",\"description\":\"\",\"publisher\":{\"@id\":\"https:\/\/clubuniversitario.org.ar\/nueva\/#organization\"},\"potentialAction\":[{\"@type\":\"SearchAction\",\"target\":{\"@type\":\"EntryPoint\",\"urlTemplate\":\"https:\/\/clubuniversitario.org.ar\/nueva\/?s={search_term_string}\"},\"query-input\":{\"@type\":\"PropertyValueSpecification\",\"valueRequired\":true,\"valueName\":\"search_term_string\"}}],\"inLanguage\":\"es-AR\"},{\"@type\":\"Organization\",\"@id\":\"https:\/\/clubuniversitario.org.ar\/nueva\/#organization\",\"name\":\"Club Universitario de La Plata\",\"url\":\"https:\/\/clubuniversitario.org.ar\/nueva\/\",\"logo\":{\"@type\":\"ImageObject\",\"inLanguage\":\"es-AR\",\"@id\":\"https:\/\/clubuniversitario.org.ar\/nueva\/#\/schema\/logo\/image\/\",\"url\":\"http:\/\/clubuniversitario.org.ar\/nueva\/wp-content\/uploads\/clubuniversitario-logo-01.png\",\"contentUrl\":\"http:\/\/clubuniversitario.org.ar\/nueva\/wp-content\/uploads\/clubuniversitario-logo-01.png\",\"width\":1698,\"height\":800,\"caption\":\"Club Universitario de La Plata\"},\"image\":{\"@id\":\"https:\/\/clubuniversitario.org.ar\/nueva\/#\/schema\/logo\/image\/\"},\"sameAs\":[\"https:\/\/www.facebook.com\/Club-Universitario-de-La-Plata-176185835734694\/?hc_ref=ART4lDE5L4ECCo1yQz4yWSoD5fnWRMmP3rkoBkzTQEOFdNnyA3LFdlewstNUQYd0Yps\",\"https:\/\/x.com\/CULP_oficial\",\"https:\/\/www.instagram.com\/culp_oficial\/\",\"https:\/\/www.youtube.com\/@clubuniversitariodelaplata3335\"]}]}<\/script>\n<!-- \/ Yoast SEO plugin. -->","yoast_head_json":{"title":"N\u00e1utica - Club Universitario de La Plata","robots":{"index":"index","follow":"follow","max-snippet":"max-snippet:-1","max-image-preview":"max-image-preview:large","max-video-preview":"max-video-preview:-1"},"canonical":"https:\/\/clubuniversitario.org.ar\/nueva\/el-club\/sedes\/nautica\/","og_locale":"es_ES","og_type":"article","og_title":"N\u00e1utica - Club Universitario de La Plata","og_description":"[vc_row full_width=&#8221;stretch_row_content_no_spaces&#8221; equal_height=&#8221;yes&#8221; content_placement=&#8221;top&#8221; css=&#8221;.vc_custom_1703614808651{margin-top: 0px !important;margin-bottom: 0px !important;padding-top: 0px !important;padding-bottom: 0px !important;}&#8221;][vc_column disable_custom_paddings_tablet=&#8221;true&#8221; disable_custom_paddings_mobile=&#8221;true&#8221; css=&#8221;.vc_custom_1559560776980{padding-top: 90px !important;padding-right: 70px !important;padding-bottom:...","og_url":"https:\/\/clubuniversitario.org.ar\/nueva\/el-club\/sedes\/nautica\/","og_site_name":"Club Universitario de La Plata","article_publisher":"https:\/\/www.facebook.com\/Club-Universitario-de-La-Plata-176185835734694\/?hc_ref=ART4lDE5L4ECCo1yQz4yWSoD5fnWRMmP3rkoBkzTQEOFdNnyA3LFdlewstNUQYd0Yps","article_modified_time":"2024-05-07T13:22:37+00:00","twitter_card":"summary_large_image","twitter_site":"@CULP_oficial","twitter_misc":{"Tiempo de lectura":"3 minutos"},"schema":{"@context":"https:\/\/schema.org","@graph":[{"@type":"WebPage","@id":"https:\/\/clubuniversitario.org.ar\/nueva\/el-club\/sedes\/nautica\/","url":"https:\/\/clubuniversitario.org.ar\/nueva\/el-club\/sedes\/nautica\/","name":"N\u00e1utica - Club Universitario de La Plata","isPartOf":{"@id":"https:\/\/clubuniversitario.org.ar\/nueva\/#website"},"datePublished":"2024-03-08T13:35:23+00:00","dateModified":"2024-05-07T13:22:37+00:00","breadcrumb":{"@id":"https:\/\/clubuniversitario.org.ar\/nueva\/el-club\/sedes\/nautica\/#breadcrumb"},"inLanguage":"es-AR","potentialAction":[{"@type":"ReadAction","target":["https:\/\/clubuniversitario.org.ar\/nueva\/el-club\/sedes\/nautica\/"]}]},{"@type":"BreadcrumbList","@id":"https:\/\/clubuniversitario.org.ar\/nueva\/el-club\/sedes\/nautica\/#breadcrumb","itemListElement":[{"@type":"ListItem","position":1,"name":"Inicio","item":"https:\/\/clubuniversitario.org.ar\/nueva\/"},{"@type":"ListItem","position":2,"name":"El club","item":"https:\/\/clubuniversitario.org.ar\/nueva\/el-club\/"},{"@type":"ListItem","position":3,"name":"Sedes","item":"https:\/\/clubuniversitario.org.ar\/nueva\/el-club\/sedes\/"},{"@type":"ListItem","position":4,"name":"N\u00e1utica"}]},{"@type":"WebSite","@id":"https:\/\/clubuniversitario.org.ar\/nueva\/#website","url":"https:\/\/clubuniversitario.org.ar\/nueva\/","name":"Club Universitario de La Plata","description":"","publisher":{"@id":"https:\/\/clubuniversitario.org.ar\/nueva\/#organization"},"potentialAction":[{"@type":"SearchAction","target":{"@type":"EntryPoint","urlTemplate":"https:\/\/clubuniversitario.org.ar\/nueva\/?s={search_term_string}"},"query-input":{"@type":"PropertyValueSpecification","valueRequired":true,"valueName":"search_term_string"}}],"inLanguage":"es-AR"},{"@type":"Organization","@id":"https:\/\/clubuniversitario.org.ar\/nueva\/#organization","name":"Club Universitario de La Plata","url":"https:\/\/clubuniversitario.org.ar\/nueva\/","logo":{"@type":"ImageObject","inLanguage":"es-AR","@id":"https:\/\/clubuniversitario.org.ar\/nueva\/#\/schema\/logo\/image\/","url":"http:\/\/clubuniversitario.org.ar\/nueva\/wp-content\/uploads\/clubuniversitario-logo-01.png","contentUrl":"http:\/\/clubuniversitario.org.ar\/nueva\/wp-content\/uploads\/clubuniversitario-logo-01.png","width":1698,"height":800,"caption":"Club Universitario de La Plata"},"image":{"@id":"https:\/\/clubuniversitario.org.ar\/nueva\/#\/schema\/logo\/image\/"},"sameAs":["https:\/\/www.facebook.com\/Club-Universitario-de-La-Plata-176185835734694\/?hc_ref=ART4lDE5L4ECCo1yQz4yWSoD5fnWRMmP3rkoBkzTQEOFdNnyA3LFdlewstNUQYd0Yps","https:\/\/x.com\/CULP_oficial","https:\/\/www.instagram.com\/culp_oficial\/","https:\/\/www.youtube.com\/@clubuniversitariodelaplata3335"]}]}},"_links":{"self":[{"href":"https:\/\/clubuniversitario.org.ar\/nueva\/wp-json\/wp\/v2\/pages\/28866","targetHints":{"allow":["GET"]}}],"collection":[{"href":"https:\/\/clubuniversitario.org.ar\/nueva\/wp-json\/wp\/v2\/pages"}],"about":[{"href":"https:\/\/clubuniversitario.org.ar\/nueva\/wp-json\/wp\/v2\/types\/page"}],"author":[{"embeddable":true,"href":"https:\/\/clubuniversitario.org.ar\/nueva\/wp-json\/wp\/v2\/users\/1"}],"replies":[{"embeddable":true,"href":"https:\/\/clubuniversitario.org.ar\/nueva\/wp-json\/wp\/v2\/comments?post=28866"}],"version-history":[{"count":0,"href":"https:\/\/clubuniversitario.org.ar\/nueva\/wp-json\/wp\/v2\/pages\/28866\/revisions"}],"up":[{"embeddable":true,"href":"https:\/\/clubuniversitario.org.ar\/nueva\/wp-json\/wp\/v2\/pages\/28856"}],"wp:attachment":[{"href":"https:\/\/clubuniversitario.org.ar\/nueva\/wp-json\/wp\/v2\/media?parent=28866"}],"curies":[{"name":"wp","href":"https:\/\/api.w.org\/{rel}","templated":true}]}}