{"id":29077,"date":"2024-05-07T10:07:38","date_gmt":"2024-05-07T13:07:38","guid":{"rendered":"http:\/\/clubuniversitario.org.ar\/nueva\/?page_id=29077"},"modified":"2024-05-08T10:02:18","modified_gmt":"2024-05-08T13:02:18","slug":"la-fundacion","status":"publish","type":"page","link":"https:\/\/clubuniversitario.org.ar\/nueva\/el-club\/la-fundacion\/","title":{"rendered":"La Fundaci\u00f3n"},"content":{"rendered":"<div class=\"wpb-content-wrapper\"><p>[vc_row full_width=&#8221;stretch_row_content_no_spaces&#8221; equal_height=&#8221;yes&#8221; content_placement=&#8221;top&#8221; css=&#8221;.vc_custom_1703614808651{margin-top: 0px !important;margin-bottom: 0px !important;padding-top: 0px !important;padding-bottom: 0px !important;}&#8221;][vc_column disable_custom_paddings_tablet=&#8221;true&#8221; disable_custom_paddings_mobile=&#8221;true&#8221; css=&#8221;.vc_custom_1559560776980{padding-top: 90px !important;padding-right: 70px !important;padding-bottom: 70px !important;padding-left: 70px !important;background-color: #000000 !important;}&#8221; offset=&#8221;vc_col-lg-6 vc_col-md-6&#8243;][vc_column_text css=&#8221;&#8221;]<\/p>\n<div class=\"title-h1\"><span style=\"color: #ffffff;\">LA FUNDACI\u00d3N<\/span><\/div>\n<p>[\/vc_column_text]<div class=\"clearboth\"><\/div><style>#thegem-divider-69f3efeaa9550 {margin-top: 45px !important;}<\/style><div id=\"thegem-divider-69f3efeaa9550\" class=\"gem-divider  \" style=\"\" ><\/div>[vc_column_text css=&#8221;&#8221;]<span style=\"color: #e6eded;\">La Fundaci\u00f3n del Club Universitario de La Plata se conform\u00f3 en el a\u00f1o 2017 con el objetivo principal de administrar el <strong><span style=\"color: #ccffff;\"><a style=\"color: #ccffff;\" href=\"https:\/\/colegioclubuniversitario.edu.ar\/\">Colegio del CULP<\/a><\/span><\/strong>, garantizando una estructura funcional propia.<\/span><\/p>\n<p><span style=\"color: #e6eded;\">Adem\u00e1s de llevar adelante la gesti\u00f3n del Colegio, la Fundaci\u00f3n tiene como uno de sus principales objetivos fortalecer y ampliar los lazos del Club con la comunidad, trabajando desde una perspectiva basada en la participaci\u00f3n, la solidaridad, la educaci\u00f3n y la construcci\u00f3n de v\u00ednculos con otras instituciones y organismos.\u00a0<\/span><\/p>\n<p><span style=\"color: #e6eded;\">El eje fundamental que gu\u00eda las acciones de la fundaci\u00f3n es entender a la promoci\u00f3n del deporte y la educaci\u00f3n como motores de inclusi\u00f3n y de promoci\u00f3n de valores, que favorecen el desarrollo integral de las personas en ambientes libres y sanos.<\/span><\/p>\n<p><span style=\"color: #e6eded;\">Una de las acciones desarrolladas en este marco es la <span style=\"color: #ccffff;\"><a style=\"color: #ccffff;\" href=\"https:\/\/www.instagram.com\/carreranocturna.culp\/\"><strong>Carrera Nocturna del CULP<\/strong><\/a><\/span> que se realiza en diciembre de cada a\u00f1o, con dos recorridos: uno competitivo de 10K, y otro participativo de 3K. Desde su primera edici\u00f3n en 2019, el evento se supera cada a\u00f1o contando con m\u00e1s corredores, llegando a instalarse en la comunidad runner como un cl\u00e1sico para cerrar el a\u00f1o. Una propuesta \u00fanica en la ciudad, abierta e inclusiva; cuyos fondos son destinados a fortalecer el proyecto educativo.<\/span><\/p>\n<p><span style=\"color: #e6eded;\">A futuro, la Fundaci\u00f3n ha trazado como otro de sus objetivos futuros el de refundar la Biblioteca del Club Universitario, que funcion\u00f3 a\u00f1os atr\u00e1s en la sede situada en la ciudad de La Plata.<\/span><\/p>\n<p><span style=\"color: #e6eded;\"><strong>ADMINISTRACI\u00d3N<\/strong><\/span><\/p>\n<p><span style=\"color: #e6eded;\">Los miembros del Consejo de Administraci\u00f3n de la Fundaci\u00f3n trabajan \u201cad honorem\u201d y son nombrados por la Comisi\u00f3n Directiva del Club de acuerdo a su trayectoria personal y el aporte que puedan realizar a los objetivos de la misma.<\/span>[\/vc_column_text][\/vc_column][vc_column css=&#8221;.vc_custom_1715087710530{margin-top: 0px !important;margin-bottom: 0px !important;padding-top: 330px !important;padding-bottom: 330px !important;background-image: url(http:\/\/clubuniversitario.org.ar\/nueva\/wp-content\/uploads\/clubuniversitario-comision-directiva.jpg?id=28876) !important;background-position: center !important;background-repeat: no-repeat !important;background-size: cover !important;}&#8221; offset=&#8221;vc_col-lg-6 vc_col-md-6&#8243;][\/vc_column][\/vc_row]<\/p>\n<\/div>","protected":false},"excerpt":{"rendered":"<p>[vc_row full_width=&#8221;stretch_row_content_no_spaces&#8221; equal_height=&#8221;yes&#8221; content_placement=&#8221;top&#8221; css=&#8221;.vc_custom_1703614808651{margin-top: 0px !important;margin-bottom: 0px !important;padding-top: 0px !important;padding-bottom: 0px !important;}&#8221;][vc_column disable_custom_paddings_tablet=&#8221;true&#8221; disable_custom_paddings_mobile=&#8221;true&#8221; css=&#8221;.vc_custom_1559560776980{padding-top: 90px !important;padding-right: 70px !important;padding-bottom:&#8230;<\/p>\n","protected":false},"author":1,"featured_media":0,"parent":28854,"menu_order":0,"comment_status":"closed","ping_status":"closed","template":"","meta":{"footnotes":""},"class_list":["post-29077","page","type-page","status-publish"],"yoast_head":"<!-- This site is optimized with the Yoast SEO plugin v27.2 - https:\/\/yoast.com\/product\/yoast-seo-wordpress\/ -->\n<title>La Fundaci\u00f3n - Club Universitario de La Plata<\/title>\n<meta name=\"robots\" content=\"index, follow, max-snippet:-1, max-image-preview:large, max-video-preview:-1\" \/>\n<link rel=\"canonical\" href=\"https:\/\/clubuniversitario.org.ar\/nueva\/el-club\/la-fundacion\/\" \/>\n<meta property=\"og:locale\" content=\"es_ES\" \/>\n<meta property=\"og:type\" content=\"article\" \/>\n<meta property=\"og:title\" content=\"La Fundaci\u00f3n - Club Universitario de La Plata\" \/>\n<meta property=\"og:description\" content=\"[vc_row full_width=&#8221;stretch_row_content_no_spaces&#8221; equal_height=&#8221;yes&#8221; content_placement=&#8221;top&#8221; css=&#8221;.vc_custom_1703614808651{margin-top: 0px !important;margin-bottom: 0px !important;padding-top: 0px !important;padding-bottom: 0px !important;}&#8221;][vc_column disable_custom_paddings_tablet=&#8221;true&#8221; disable_custom_paddings_mobile=&#8221;true&#8221; css=&#8221;.vc_custom_1559560776980{padding-top: 90px !important;padding-right: 70px !important;padding-bottom:...\" \/>\n<meta property=\"og:url\" content=\"https:\/\/clubuniversitario.org.ar\/nueva\/el-club\/la-fundacion\/\" \/>\n<meta property=\"og:site_name\" content=\"Club Universitario de La Plata\" \/>\n<meta property=\"article:publisher\" content=\"https:\/\/www.facebook.com\/Club-Universitario-de-La-Plata-176185835734694\/?hc_ref=ART4lDE5L4ECCo1yQz4yWSoD5fnWRMmP3rkoBkzTQEOFdNnyA3LFdlewstNUQYd0Yps\" \/>\n<meta property=\"article:modified_time\" content=\"2024-05-08T13:02:18+00:00\" \/>\n<meta name=\"twitter:card\" content=\"summary_large_image\" \/>\n<meta name=\"twitter:site\" content=\"@CULP_oficial\" \/>\n<meta name=\"twitter:label1\" content=\"Tiempo de lectura\" \/>\n\t<meta name=\"twitter:data1\" content=\"2 minutos\" \/>\n<script type=\"application\/ld+json\" class=\"yoast-schema-graph\">{\"@context\":\"https:\/\/schema.org\",\"@graph\":[{\"@type\":\"WebPage\",\"@id\":\"https:\/\/clubuniversitario.org.ar\/nueva\/el-club\/la-fundacion\/\",\"url\":\"https:\/\/clubuniversitario.org.ar\/nueva\/el-club\/la-fundacion\/\",\"name\":\"La Fundaci\u00f3n - Club Universitario de La Plata\",\"isPartOf\":{\"@id\":\"https:\/\/clubuniversitario.org.ar\/nueva\/#website\"},\"datePublished\":\"2024-05-07T13:07:38+00:00\",\"dateModified\":\"2024-05-08T13:02:18+00:00\",\"breadcrumb\":{\"@id\":\"https:\/\/clubuniversitario.org.ar\/nueva\/el-club\/la-fundacion\/#breadcrumb\"},\"inLanguage\":\"es-AR\",\"potentialAction\":[{\"@type\":\"ReadAction\",\"target\":[\"https:\/\/clubuniversitario.org.ar\/nueva\/el-club\/la-fundacion\/\"]}]},{\"@type\":\"BreadcrumbList\",\"@id\":\"https:\/\/clubuniversitario.org.ar\/nueva\/el-club\/la-fundacion\/#breadcrumb\",\"itemListElement\":[{\"@type\":\"ListItem\",\"position\":1,\"name\":\"Inicio\",\"item\":\"https:\/\/clubuniversitario.org.ar\/nueva\/\"},{\"@type\":\"ListItem\",\"position\":2,\"name\":\"El club\",\"item\":\"https:\/\/clubuniversitario.org.ar\/nueva\/el-club\/\"},{\"@type\":\"ListItem\",\"position\":3,\"name\":\"La Fundaci\u00f3n\"}]},{\"@type\":\"WebSite\",\"@id\":\"https:\/\/clubuniversitario.org.ar\/nueva\/#website\",\"url\":\"https:\/\/clubuniversitario.org.ar\/nueva\/\",\"name\":\"Club Universitario de La Plata\",\"description\":\"\",\"publisher\":{\"@id\":\"https:\/\/clubuniversitario.org.ar\/nueva\/#organization\"},\"potentialAction\":[{\"@type\":\"SearchAction\",\"target\":{\"@type\":\"EntryPoint\",\"urlTemplate\":\"https:\/\/clubuniversitario.org.ar\/nueva\/?s={search_term_string}\"},\"query-input\":{\"@type\":\"PropertyValueSpecification\",\"valueRequired\":true,\"valueName\":\"search_term_string\"}}],\"inLanguage\":\"es-AR\"},{\"@type\":\"Organization\",\"@id\":\"https:\/\/clubuniversitario.org.ar\/nueva\/#organization\",\"name\":\"Club Universitario de La Plata\",\"url\":\"https:\/\/clubuniversitario.org.ar\/nueva\/\",\"logo\":{\"@type\":\"ImageObject\",\"inLanguage\":\"es-AR\",\"@id\":\"https:\/\/clubuniversitario.org.ar\/nueva\/#\/schema\/logo\/image\/\",\"url\":\"http:\/\/clubuniversitario.org.ar\/nueva\/wp-content\/uploads\/clubuniversitario-logo-01.png\",\"contentUrl\":\"http:\/\/clubuniversitario.org.ar\/nueva\/wp-content\/uploads\/clubuniversitario-logo-01.png\",\"width\":1698,\"height\":800,\"caption\":\"Club Universitario de La Plata\"},\"image\":{\"@id\":\"https:\/\/clubuniversitario.org.ar\/nueva\/#\/schema\/logo\/image\/\"},\"sameAs\":[\"https:\/\/www.facebook.com\/Club-Universitario-de-La-Plata-176185835734694\/?hc_ref=ART4lDE5L4ECCo1yQz4yWSoD5fnWRMmP3rkoBkzTQEOFdNnyA3LFdlewstNUQYd0Yps\",\"https:\/\/x.com\/CULP_oficial\",\"https:\/\/www.instagram.com\/culp_oficial\/\",\"https:\/\/www.youtube.com\/@clubuniversitariodelaplata3335\"]}]}<\/script>\n<!-- \/ Yoast SEO plugin. -->","yoast_head_json":{"title":"La Fundaci\u00f3n - Club Universitario de La Plata","robots":{"index":"index","follow":"follow","max-snippet":"max-snippet:-1","max-image-preview":"max-image-preview:large","max-video-preview":"max-video-preview:-1"},"canonical":"https:\/\/clubuniversitario.org.ar\/nueva\/el-club\/la-fundacion\/","og_locale":"es_ES","og_type":"article","og_title":"La Fundaci\u00f3n - Club Universitario de La Plata","og_description":"[vc_row full_width=&#8221;stretch_row_content_no_spaces&#8221; equal_height=&#8221;yes&#8221; content_placement=&#8221;top&#8221; css=&#8221;.vc_custom_1703614808651{margin-top: 0px !important;margin-bottom: 0px !important;padding-top: 0px !important;padding-bottom: 0px !important;}&#8221;][vc_column disable_custom_paddings_tablet=&#8221;true&#8221; disable_custom_paddings_mobile=&#8221;true&#8221; css=&#8221;.vc_custom_1559560776980{padding-top: 90px !important;padding-right: 70px !important;padding-bottom:...","og_url":"https:\/\/clubuniversitario.org.ar\/nueva\/el-club\/la-fundacion\/","og_site_name":"Club Universitario de La Plata","article_publisher":"https:\/\/www.facebook.com\/Club-Universitario-de-La-Plata-176185835734694\/?hc_ref=ART4lDE5L4ECCo1yQz4yWSoD5fnWRMmP3rkoBkzTQEOFdNnyA3LFdlewstNUQYd0Yps","article_modified_time":"2024-05-08T13:02:18+00:00","twitter_card":"summary_large_image","twitter_site":"@CULP_oficial","twitter_misc":{"Tiempo de lectura":"2 minutos"},"schema":{"@context":"https:\/\/schema.org","@graph":[{"@type":"WebPage","@id":"https:\/\/clubuniversitario.org.ar\/nueva\/el-club\/la-fundacion\/","url":"https:\/\/clubuniversitario.org.ar\/nueva\/el-club\/la-fundacion\/","name":"La Fundaci\u00f3n - Club Universitario de La Plata","isPartOf":{"@id":"https:\/\/clubuniversitario.org.ar\/nueva\/#website"},"datePublished":"2024-05-07T13:07:38+00:00","dateModified":"2024-05-08T13:02:18+00:00","breadcrumb":{"@id":"https:\/\/clubuniversitario.org.ar\/nueva\/el-club\/la-fundacion\/#breadcrumb"},"inLanguage":"es-AR","potentialAction":[{"@type":"ReadAction","target":["https:\/\/clubuniversitario.org.ar\/nueva\/el-club\/la-fundacion\/"]}]},{"@type":"BreadcrumbList","@id":"https:\/\/clubuniversitario.org.ar\/nueva\/el-club\/la-fundacion\/#breadcrumb","itemListElement":[{"@type":"ListItem","position":1,"name":"Inicio","item":"https:\/\/clubuniversitario.org.ar\/nueva\/"},{"@type":"ListItem","position":2,"name":"El club","item":"https:\/\/clubuniversitario.org.ar\/nueva\/el-club\/"},{"@type":"ListItem","position":3,"name":"La Fundaci\u00f3n"}]},{"@type":"WebSite","@id":"https:\/\/clubuniversitario.org.ar\/nueva\/#website","url":"https:\/\/clubuniversitario.org.ar\/nueva\/","name":"Club Universitario de La Plata","description":"","publisher":{"@id":"https:\/\/clubuniversitario.org.ar\/nueva\/#organization"},"potentialAction":[{"@type":"SearchAction","target":{"@type":"EntryPoint","urlTemplate":"https:\/\/clubuniversitario.org.ar\/nueva\/?s={search_term_string}"},"query-input":{"@type":"PropertyValueSpecification","valueRequired":true,"valueName":"search_term_string"}}],"inLanguage":"es-AR"},{"@type":"Organization","@id":"https:\/\/clubuniversitario.org.ar\/nueva\/#organization","name":"Club Universitario de La Plata","url":"https:\/\/clubuniversitario.org.ar\/nueva\/","logo":{"@type":"ImageObject","inLanguage":"es-AR","@id":"https:\/\/clubuniversitario.org.ar\/nueva\/#\/schema\/logo\/image\/","url":"http:\/\/clubuniversitario.org.ar\/nueva\/wp-content\/uploads\/clubuniversitario-logo-01.png","contentUrl":"http:\/\/clubuniversitario.org.ar\/nueva\/wp-content\/uploads\/clubuniversitario-logo-01.png","width":1698,"height":800,"caption":"Club Universitario de La Plata"},"image":{"@id":"https:\/\/clubuniversitario.org.ar\/nueva\/#\/schema\/logo\/image\/"},"sameAs":["https:\/\/www.facebook.com\/Club-Universitario-de-La-Plata-176185835734694\/?hc_ref=ART4lDE5L4ECCo1yQz4yWSoD5fnWRMmP3rkoBkzTQEOFdNnyA3LFdlewstNUQYd0Yps","https:\/\/x.com\/CULP_oficial","https:\/\/www.instagram.com\/culp_oficial\/","https:\/\/www.youtube.com\/@clubuniversitariodelaplata3335"]}]}},"_links":{"self":[{"href":"https:\/\/clubuniversitario.org.ar\/nueva\/wp-json\/wp\/v2\/pages\/29077","targetHints":{"allow":["GET"]}}],"collection":[{"href":"https:\/\/clubuniversitario.org.ar\/nueva\/wp-json\/wp\/v2\/pages"}],"about":[{"href":"https:\/\/clubuniversitario.org.ar\/nueva\/wp-json\/wp\/v2\/types\/page"}],"author":[{"embeddable":true,"href":"https:\/\/clubuniversitario.org.ar\/nueva\/wp-json\/wp\/v2\/users\/1"}],"replies":[{"embeddable":true,"href":"https:\/\/clubuniversitario.org.ar\/nueva\/wp-json\/wp\/v2\/comments?post=29077"}],"version-history":[{"count":0,"href":"https:\/\/clubuniversitario.org.ar\/nueva\/wp-json\/wp\/v2\/pages\/29077\/revisions"}],"up":[{"embeddable":true,"href":"https:\/\/clubuniversitario.org.ar\/nueva\/wp-json\/wp\/v2\/pages\/28854"}],"wp:attachment":[{"href":"https:\/\/clubuniversitario.org.ar\/nueva\/wp-json\/wp\/v2\/media?parent=29077"}],"curies":[{"name":"wp","href":"https:\/\/api.w.org\/{rel}","templated":true}]}}