{"id":29217,"date":"2024-05-29T11:27:34","date_gmt":"2024-05-29T14:27:34","guid":{"rendered":"https:\/\/clubuniversitario.org.ar\/nueva\/?page_id=29217"},"modified":"2025-12-29T17:18:48","modified_gmt":"2025-12-29T20:18:48","slug":"temporada","status":"publish","type":"page","link":"https:\/\/clubuniversitario.org.ar\/nueva\/actividades\/temporada\/","title":{"rendered":"Temporada"},"content":{"rendered":"<div class=\"wpb-content-wrapper\"><p>[vc_row full_width=&#8221;stretch_row_content_no_spaces&#8221; equal_height=&#8221;yes&#8221; content_placement=&#8221;top&#8221; css=&#8221;.vc_custom_1703614808651{margin-top: 0px !important;margin-bottom: 0px !important;padding-top: 0px !important;padding-bottom: 0px !important;}&#8221;][vc_column disable_custom_paddings_tablet=&#8221;true&#8221; disable_custom_paddings_mobile=&#8221;true&#8221; css=&#8221;.vc_custom_1732627023514{padding-top: 90px !important;padding-right: 70px !important;padding-bottom: 70px !important;padding-left: 70px !important;background-color: #ffffff !important;}&#8221; offset=&#8221;vc_col-lg-6 vc_col-md-6&#8243;][vc_single_image image=&#8221;29983&#8243; img_size=&#8221;full&#8221; alignment=&#8221;center&#8221; css=&#8221;&#8221;]<div class=\"clearboth\"><\/div><style>#thegem-divider-69dba311b9c29 {margin-top: 45px !important;}<\/style><div id=\"thegem-divider-69dba311b9c29\" class=\"gem-divider  \" style=\"\" ><\/div>[vc_column_text css=&#8221;&#8221;]<span style=\"color: #333333;\"><strong>\u00a1Disfrut\u00e1 del verano en el club m\u00e1s lindo de la ciudad, tu mejor plan!<\/strong><\/span><\/p>\n<p><span style=\"color: #333333;\">Cada a\u00f1o recibimos a miles de personas socias y no socias para disfrutar de dos sedes, seis piletas outdoor, bajada al r\u00edo, playa, deportes acu\u00e1ticos, parques, fogones, estacionamiento, restaurantes y propuestas culturales.<\/span><\/p>\n<p class=\"cvGsUA direction-ltr align-start para-style-body\"><span style=\"color: #000000;\"><span class=\"OYPEnA font-feature-liga-off font-feature-clig-off font-feature-calt-off text-decoration-none text-strikethrough-none\">Inicio temporada:<\/span><span class=\"OYPEnA font-feature-liga-off font-feature-clig-off font-feature-calt-off text-decoration-none text-strikethrough-none\"> 13\/12\/2025 &#8211; <\/span><span class=\"OYPEnA font-feature-liga-off font-feature-clig-off font-feature-calt-off text-decoration-none text-strikethrough-none\">Finalizaci\u00f3n:<\/span><span class=\"OYPEnA font-feature-liga-off font-feature-clig-off font-feature-calt-off text-decoration-none text-strikethrough-none\"> 08\/03\/2026<\/span><\/span><\/p>\n<h5><\/h5>\n<p>&nbsp;[\/vc_column_text][vc_single_image image=&#8221;30005&#8243; img_size=&#8221;full&#8221; css=&#8221;&#8221;][vc_single_image image=&#8221;30002&#8243; img_size=&#8221;full&#8221; alignment=&#8221;center&#8221; css=&#8221;&#8221;][vc_column_text css=&#8221;&#8221;]<strong><span style=\"color: #000000;\">PROMOS VIGENTES:&nbsp;<\/span><\/strong><br \/>\n<span style=\"color: #000000;\">&#8211; <strong>Descuentos por grupo familiar de 2 a 6 integrantes<\/strong> (consultar en Atenci\u00f3n al socio por valores)<\/span><br \/>\n<span style=\"color: #000000;\">&#8211; <strong>Menores de 16 a\u00f1os, no socios:<\/strong> $150.000. Debe acreditar ser amigo\/a de socio\/a del CULP (excluyente). &nbsp;<\/span><\/p>\n<p><span style=\"color: #000000;\"><strong>\u00a1OBTEN\u00c9 EL <span style=\"color: #000080;\"><a style=\"color: #000080;\" href=\"https:\/\/clubuniversitario.org.ar\/nueva\/nuevo-carnet-de-pertenencia-%f0%9f%96%a4-suma-tu-aporte-a-la-u\/\">CARNET DE PERTENENCIA<\/a> <\/span>Y ACCED\u00c9 A DESCUENTOS Y BENEFICIOS DURANTE TODO EL A\u00d1O!<\/strong><\/span><\/p>\n<p class=\"cvGsUA direction-ltr align-start para-style-body\"><span style=\"color: #000000;\"><strong><span class=\"OYPEnA font-feature-liga-off font-feature-clig-off font-feature-calt-off text-decoration-none text-strikethrough-none\">Actividades libres a partir de enero<br \/>\n<\/span><\/strong><\/span><\/p>\n<p class=\"cvGsUA direction-ltr align-start para-style-body\"><span style=\"color: #000000;\"><span class=\"a_GcMg font-feature-liga-off font-feature-clig-off font-feature-calt-off text-decoration-none text-strikethrough-none\"><span style=\"color: #008000;\">YOGA<\/span><br \/>\n<\/span><span class=\"a_GcMg font-feature-liga-off font-feature-clig-off font-feature-calt-off text-decoration-none text-strikethrough-none\">Sede Gonnet:<\/span><span class=\"a_GcMg font-feature-liga-off font-feature-clig-off font-feature-calt-off text-decoration-none text-strikethrough-none\"> Martes y jueves de 17 a 18 hs.<br \/>\n<\/span><span class=\"a_GcMg font-feature-liga-off font-feature-clig-off font-feature-calt-off text-decoration-none text-strikethrough-none\">Inicia 06\/01<br \/>\n<\/span><span class=\"a_GcMg font-feature-liga-off font-feature-clig-off font-feature-calt-off text-decoration-none text-strikethrough-none\"><span style=\"color: #008000;\">AQUAGYM<\/span><br \/>\n<\/span><span class=\"a_GcMg font-feature-liga-off font-feature-clig-off font-feature-calt-off text-decoration-none text-strikethrough-none\">Sede Gonnet:<\/span><span class=\"a_GcMg font-feature-liga-off font-feature-clig-off font-feature-calt-off text-decoration-none text-strikethrough-none\"> Viernes, s\u00e1bado y domingo de 17 a 18 hs (Pileta ol\u00edmpica)<br \/>\n<\/span><span class=\"a_GcMg font-feature-liga-off font-feature-clig-off font-feature-calt-off text-decoration-none text-strikethrough-none\">Sede N\u00e1utica: <\/span><span class=\"a_GcMg font-feature-liga-off font-feature-clig-off font-feature-calt-off text-decoration-none text-strikethrough-none\">Jueves a Domingo de 16 a 17 hs (inicia 10\/01)<br \/>\n<\/span><span class=\"a_GcMg font-feature-liga-off font-feature-clig-off font-feature-calt-off text-decoration-none text-strikethrough-none\"><span style=\"color: #008000;\">GIMNASIA<\/span><br \/>\n<\/span><span class=\"a_GcMg font-feature-liga-off font-feature-clig-off font-feature-calt-off text-decoration-none text-strikethrough-none\">Sede Gonnet: <\/span><span class=\"a_GcMg font-feature-liga-off font-feature-clig-off font-feature-calt-off text-decoration-none text-strikethrough-none\">Lunes Y Mi\u00e9rcoles desde 18 a 19 hs.<br \/>\n<\/span><span class=\"a_GcMg font-feature-liga-off font-feature-clig-off font-feature-calt-off text-decoration-none text-strikethrough-none\">Inicia 05\/01<br \/>\n<\/span><span class=\"a_GcMg font-feature-liga-off font-feature-clig-off font-feature-calt-off text-decoration-none text-strikethrough-none\"><span style=\"color: #008000;\">STRETCHING<\/span><br \/>\n<\/span><span class=\"a_GcMg font-feature-liga-off font-feature-clig-off font-feature-calt-off text-decoration-none text-strikethrough-none\">Sede N\u00e1utica: <\/span><span class=\"a_GcMg font-feature-liga-off font-feature-clig-off font-feature-calt-off text-decoration-none text-strikethrough-none\">Jueves a Domingo de 17:15 a 18:15 hs<br \/>\n<\/span><span class=\"a_GcMg font-feature-liga-off font-feature-clig-off font-feature-calt-off text-decoration-none text-strikethrough-none\">Inicia 10\/01<\/span><\/span><\/p>\n<p class=\"cvGsUA direction-ltr align-start para-style-body\"><span style=\"color: #000000;\"><strong><span class=\"OYPEnA font-feature-liga-off font-feature-clig-off font-feature-calt-off text-decoration-none text-strikethrough-none\">MEDIOS DE PAGO<br \/>\n<\/span><\/strong><span class=\"OYPEnA font-feature-liga-off font-feature-clig-off font-feature-calt-off text-decoration-none text-strikethrough-none\"><strong>Efectivo <\/strong><\/span><span class=\"OYPEnA font-feature-liga-off font-feature-clig-off font-feature-calt-off text-decoration-none text-strikethrough-none\">en oficina de Administraci\u00f3n, en sede Gonnet, de Lunes a Viernes de 13.30 a 21 hs.<\/span><\/span><\/p>\n<p class=\"cvGsUA direction-ltr align-start para-style-body\"><span style=\"color: #000000;\"><strong><span class=\"OYPEnA font-feature-liga-off font-feature-clig-off font-feature-calt-off text-decoration-none text-strikethrough-none\">Transferencia bancaria:<br \/>\n<\/span><\/strong><span class=\"OYPEnA font-feature-liga-off font-feature-clig-off font-feature-calt-off text-decoration-none text-strikethrough-none\">Alias: CLUB.UNI.LP<br \/>\nClub Universitario de La Plata<\/span><\/span><\/p>\n<p><span style=\"color: #000000;\">Consultas en Atenci\u00f3n al Socio al whatsapp <span style=\"color: #0000ff;\"><a style=\"color: #0000ff;\" href=\"https:\/\/wa.link\/wu5zpz\">2215462656<\/a><\/span> o en su oficina, de lunes a viernes de 13.30 a 21hs.<\/span>[\/vc_column_text]<div class=\"gem-button-container gem-button-position-inline thegem-button-69dba311b9cba4055    \"  ><a class=\"gem-button gem-button-size-small gem-button-style-flat gem-button-text-weight-normal\" data-ll-effect=\"drop-right-without-wrap\" style=\"border-radius: 3px;\" onmouseleave=\"\" onmouseenter=\"\" href=\"https:\/\/forms.gle\/iS1Y7v84haGkBYrz9\" target=\"_self\">SAC\u00c1 TU CARNET DE TEMPORADA<\/a><\/div> [\/vc_column][vc_column css=&#8221;.vc_custom_1717086223206{margin-top: 0px !important;margin-bottom: 0px !important;padding-top: 330px !important;padding-bottom: 330px !important;background-image: url(http:\/\/clubuniversitario.org.ar\/nueva\/wp-content\/uploads\/1.jpeg?id=29231) !important;background-position: center !important;background-repeat: no-repeat !important;background-size: cover !important;}&#8221; offset=&#8221;vc_col-lg-6 vc_col-md-6&#8243;][\/vc_column][\/vc_row]<\/p>\n<\/div>","protected":false},"excerpt":{"rendered":"<p>[vc_row full_width=&#8221;stretch_row_content_no_spaces&#8221; equal_height=&#8221;yes&#8221; content_placement=&#8221;top&#8221; css=&#8221;.vc_custom_1703614808651{margin-top: 0px !important;margin-bottom: 0px !important;padding-top: 0px !important;padding-bottom: 0px !important;}&#8221;][vc_column disable_custom_paddings_tablet=&#8221;true&#8221; disable_custom_paddings_mobile=&#8221;true&#8221; css=&#8221;.vc_custom_1732627023514{padding-top: 90px !important;padding-right: 70px !important;padding-bottom:&#8230;<\/p>\n","protected":false},"author":1,"featured_media":0,"parent":29875,"menu_order":0,"comment_status":"closed","ping_status":"closed","template":"","meta":{"footnotes":""},"class_list":["post-29217","page","type-page","status-publish"],"yoast_head":"<!-- This site is optimized with the Yoast SEO plugin v27.2 - https:\/\/yoast.com\/product\/yoast-seo-wordpress\/ -->\n<title>Temporada - Club Universitario de La Plata<\/title>\n<meta name=\"robots\" content=\"index, follow, max-snippet:-1, max-image-preview:large, max-video-preview:-1\" \/>\n<link rel=\"canonical\" href=\"https:\/\/clubuniversitario.org.ar\/nueva\/actividades\/temporada\/\" \/>\n<meta property=\"og:locale\" content=\"es_ES\" \/>\n<meta property=\"og:type\" content=\"article\" \/>\n<meta property=\"og:title\" content=\"Temporada - Club Universitario de La Plata\" \/>\n<meta property=\"og:description\" content=\"[vc_row full_width=&#8221;stretch_row_content_no_spaces&#8221; equal_height=&#8221;yes&#8221; content_placement=&#8221;top&#8221; css=&#8221;.vc_custom_1703614808651{margin-top: 0px !important;margin-bottom: 0px !important;padding-top: 0px !important;padding-bottom: 0px !important;}&#8221;][vc_column disable_custom_paddings_tablet=&#8221;true&#8221; disable_custom_paddings_mobile=&#8221;true&#8221; css=&#8221;.vc_custom_1732627023514{padding-top: 90px !important;padding-right: 70px !important;padding-bottom:...\" \/>\n<meta property=\"og:url\" content=\"https:\/\/clubuniversitario.org.ar\/nueva\/actividades\/temporada\/\" \/>\n<meta property=\"og:site_name\" content=\"Club Universitario de La Plata\" \/>\n<meta property=\"article:publisher\" content=\"https:\/\/www.facebook.com\/Club-Universitario-de-La-Plata-176185835734694\/?hc_ref=ART4lDE5L4ECCo1yQz4yWSoD5fnWRMmP3rkoBkzTQEOFdNnyA3LFdlewstNUQYd0Yps\" \/>\n<meta property=\"article:modified_time\" content=\"2025-12-29T20:18:48+00:00\" \/>\n<meta name=\"twitter:card\" content=\"summary_large_image\" \/>\n<meta name=\"twitter:site\" content=\"@CULP_oficial\" \/>\n<meta name=\"twitter:label1\" content=\"Tiempo de lectura\" \/>\n\t<meta name=\"twitter:data1\" content=\"9 minutos\" \/>\n<script type=\"application\/ld+json\" class=\"yoast-schema-graph\">{\"@context\":\"https:\/\/schema.org\",\"@graph\":[{\"@type\":\"WebPage\",\"@id\":\"https:\/\/clubuniversitario.org.ar\/nueva\/actividades\/temporada\/\",\"url\":\"https:\/\/clubuniversitario.org.ar\/nueva\/actividades\/temporada\/\",\"name\":\"Temporada - Club Universitario de La Plata\",\"isPartOf\":{\"@id\":\"https:\/\/clubuniversitario.org.ar\/nueva\/#website\"},\"datePublished\":\"2024-05-29T14:27:34+00:00\",\"dateModified\":\"2025-12-29T20:18:48+00:00\",\"breadcrumb\":{\"@id\":\"https:\/\/clubuniversitario.org.ar\/nueva\/actividades\/temporada\/#breadcrumb\"},\"inLanguage\":\"es-AR\",\"potentialAction\":[{\"@type\":\"ReadAction\",\"target\":[\"https:\/\/clubuniversitario.org.ar\/nueva\/actividades\/temporada\/\"]}]},{\"@type\":\"BreadcrumbList\",\"@id\":\"https:\/\/clubuniversitario.org.ar\/nueva\/actividades\/temporada\/#breadcrumb\",\"itemListElement\":[{\"@type\":\"ListItem\",\"position\":1,\"name\":\"Inicio\",\"item\":\"https:\/\/clubuniversitario.org.ar\/nueva\/\"},{\"@type\":\"ListItem\",\"position\":2,\"name\":\"Actividades\",\"item\":\"https:\/\/clubuniversitario.org.ar\/nueva\/actividades\/\"},{\"@type\":\"ListItem\",\"position\":3,\"name\":\"Temporada\"}]},{\"@type\":\"WebSite\",\"@id\":\"https:\/\/clubuniversitario.org.ar\/nueva\/#website\",\"url\":\"https:\/\/clubuniversitario.org.ar\/nueva\/\",\"name\":\"Club Universitario de La Plata\",\"description\":\"\",\"publisher\":{\"@id\":\"https:\/\/clubuniversitario.org.ar\/nueva\/#organization\"},\"potentialAction\":[{\"@type\":\"SearchAction\",\"target\":{\"@type\":\"EntryPoint\",\"urlTemplate\":\"https:\/\/clubuniversitario.org.ar\/nueva\/?s={search_term_string}\"},\"query-input\":{\"@type\":\"PropertyValueSpecification\",\"valueRequired\":true,\"valueName\":\"search_term_string\"}}],\"inLanguage\":\"es-AR\"},{\"@type\":\"Organization\",\"@id\":\"https:\/\/clubuniversitario.org.ar\/nueva\/#organization\",\"name\":\"Club Universitario de La Plata\",\"url\":\"https:\/\/clubuniversitario.org.ar\/nueva\/\",\"logo\":{\"@type\":\"ImageObject\",\"inLanguage\":\"es-AR\",\"@id\":\"https:\/\/clubuniversitario.org.ar\/nueva\/#\/schema\/logo\/image\/\",\"url\":\"http:\/\/clubuniversitario.org.ar\/nueva\/wp-content\/uploads\/clubuniversitario-logo-01.png\",\"contentUrl\":\"http:\/\/clubuniversitario.org.ar\/nueva\/wp-content\/uploads\/clubuniversitario-logo-01.png\",\"width\":1698,\"height\":800,\"caption\":\"Club Universitario de La Plata\"},\"image\":{\"@id\":\"https:\/\/clubuniversitario.org.ar\/nueva\/#\/schema\/logo\/image\/\"},\"sameAs\":[\"https:\/\/www.facebook.com\/Club-Universitario-de-La-Plata-176185835734694\/?hc_ref=ART4lDE5L4ECCo1yQz4yWSoD5fnWRMmP3rkoBkzTQEOFdNnyA3LFdlewstNUQYd0Yps\",\"https:\/\/x.com\/CULP_oficial\",\"https:\/\/www.instagram.com\/culp_oficial\/\",\"https:\/\/www.youtube.com\/@clubuniversitariodelaplata3335\"]}]}<\/script>\n<!-- \/ Yoast SEO plugin. -->","yoast_head_json":{"title":"Temporada - Club Universitario de La Plata","robots":{"index":"index","follow":"follow","max-snippet":"max-snippet:-1","max-image-preview":"max-image-preview:large","max-video-preview":"max-video-preview:-1"},"canonical":"https:\/\/clubuniversitario.org.ar\/nueva\/actividades\/temporada\/","og_locale":"es_ES","og_type":"article","og_title":"Temporada - Club Universitario de La Plata","og_description":"[vc_row full_width=&#8221;stretch_row_content_no_spaces&#8221; equal_height=&#8221;yes&#8221; content_placement=&#8221;top&#8221; css=&#8221;.vc_custom_1703614808651{margin-top: 0px !important;margin-bottom: 0px !important;padding-top: 0px !important;padding-bottom: 0px !important;}&#8221;][vc_column disable_custom_paddings_tablet=&#8221;true&#8221; disable_custom_paddings_mobile=&#8221;true&#8221; css=&#8221;.vc_custom_1732627023514{padding-top: 90px !important;padding-right: 70px !important;padding-bottom:...","og_url":"https:\/\/clubuniversitario.org.ar\/nueva\/actividades\/temporada\/","og_site_name":"Club Universitario de La Plata","article_publisher":"https:\/\/www.facebook.com\/Club-Universitario-de-La-Plata-176185835734694\/?hc_ref=ART4lDE5L4ECCo1yQz4yWSoD5fnWRMmP3rkoBkzTQEOFdNnyA3LFdlewstNUQYd0Yps","article_modified_time":"2025-12-29T20:18:48+00:00","twitter_card":"summary_large_image","twitter_site":"@CULP_oficial","twitter_misc":{"Tiempo de lectura":"9 minutos"},"schema":{"@context":"https:\/\/schema.org","@graph":[{"@type":"WebPage","@id":"https:\/\/clubuniversitario.org.ar\/nueva\/actividades\/temporada\/","url":"https:\/\/clubuniversitario.org.ar\/nueva\/actividades\/temporada\/","name":"Temporada - Club Universitario de La Plata","isPartOf":{"@id":"https:\/\/clubuniversitario.org.ar\/nueva\/#website"},"datePublished":"2024-05-29T14:27:34+00:00","dateModified":"2025-12-29T20:18:48+00:00","breadcrumb":{"@id":"https:\/\/clubuniversitario.org.ar\/nueva\/actividades\/temporada\/#breadcrumb"},"inLanguage":"es-AR","potentialAction":[{"@type":"ReadAction","target":["https:\/\/clubuniversitario.org.ar\/nueva\/actividades\/temporada\/"]}]},{"@type":"BreadcrumbList","@id":"https:\/\/clubuniversitario.org.ar\/nueva\/actividades\/temporada\/#breadcrumb","itemListElement":[{"@type":"ListItem","position":1,"name":"Inicio","item":"https:\/\/clubuniversitario.org.ar\/nueva\/"},{"@type":"ListItem","position":2,"name":"Actividades","item":"https:\/\/clubuniversitario.org.ar\/nueva\/actividades\/"},{"@type":"ListItem","position":3,"name":"Temporada"}]},{"@type":"WebSite","@id":"https:\/\/clubuniversitario.org.ar\/nueva\/#website","url":"https:\/\/clubuniversitario.org.ar\/nueva\/","name":"Club Universitario de La Plata","description":"","publisher":{"@id":"https:\/\/clubuniversitario.org.ar\/nueva\/#organization"},"potentialAction":[{"@type":"SearchAction","target":{"@type":"EntryPoint","urlTemplate":"https:\/\/clubuniversitario.org.ar\/nueva\/?s={search_term_string}"},"query-input":{"@type":"PropertyValueSpecification","valueRequired":true,"valueName":"search_term_string"}}],"inLanguage":"es-AR"},{"@type":"Organization","@id":"https:\/\/clubuniversitario.org.ar\/nueva\/#organization","name":"Club Universitario de La Plata","url":"https:\/\/clubuniversitario.org.ar\/nueva\/","logo":{"@type":"ImageObject","inLanguage":"es-AR","@id":"https:\/\/clubuniversitario.org.ar\/nueva\/#\/schema\/logo\/image\/","url":"http:\/\/clubuniversitario.org.ar\/nueva\/wp-content\/uploads\/clubuniversitario-logo-01.png","contentUrl":"http:\/\/clubuniversitario.org.ar\/nueva\/wp-content\/uploads\/clubuniversitario-logo-01.png","width":1698,"height":800,"caption":"Club Universitario de La Plata"},"image":{"@id":"https:\/\/clubuniversitario.org.ar\/nueva\/#\/schema\/logo\/image\/"},"sameAs":["https:\/\/www.facebook.com\/Club-Universitario-de-La-Plata-176185835734694\/?hc_ref=ART4lDE5L4ECCo1yQz4yWSoD5fnWRMmP3rkoBkzTQEOFdNnyA3LFdlewstNUQYd0Yps","https:\/\/x.com\/CULP_oficial","https:\/\/www.instagram.com\/culp_oficial\/","https:\/\/www.youtube.com\/@clubuniversitariodelaplata3335"]}]}},"_links":{"self":[{"href":"https:\/\/clubuniversitario.org.ar\/nueva\/wp-json\/wp\/v2\/pages\/29217","targetHints":{"allow":["GET"]}}],"collection":[{"href":"https:\/\/clubuniversitario.org.ar\/nueva\/wp-json\/wp\/v2\/pages"}],"about":[{"href":"https:\/\/clubuniversitario.org.ar\/nueva\/wp-json\/wp\/v2\/types\/page"}],"author":[{"embeddable":true,"href":"https:\/\/clubuniversitario.org.ar\/nueva\/wp-json\/wp\/v2\/users\/1"}],"replies":[{"embeddable":true,"href":"https:\/\/clubuniversitario.org.ar\/nueva\/wp-json\/wp\/v2\/comments?post=29217"}],"version-history":[{"count":0,"href":"https:\/\/clubuniversitario.org.ar\/nueva\/wp-json\/wp\/v2\/pages\/29217\/revisions"}],"up":[{"embeddable":true,"href":"https:\/\/clubuniversitario.org.ar\/nueva\/wp-json\/wp\/v2\/pages\/29875"}],"wp:attachment":[{"href":"https:\/\/clubuniversitario.org.ar\/nueva\/wp-json\/wp\/v2\/media?parent=29217"}],"curies":[{"name":"wp","href":"https:\/\/api.w.org\/{rel}","templated":true}]}}